{"id":443,"date":"2022-05-09T15:08:11","date_gmt":"2022-05-09T13:08:11","guid":{"rendered":"https:\/\/seadent-design.com\/?page_id=443"},"modified":"2023-03-03T07:57:58","modified_gmt":"2023-03-03T06:57:58","slug":"tratamiento-de-raices","status":"publish","type":"page","link":"https:\/\/seadent-design.com\/es\/tratamiento-de-raices","title":{"rendered":"Tratamiento de Ra\u00edces"},"content":{"rendered":"<h2>El tratamiento de ra\u00edz<\/h2>\n<p>El tratamiento de conducto (tambi\u00e9n conocido como cirug\u00eda endod\u00f3ntica) es una medida comprobada para salvar un diente infectado. Se vuelve necesario cuando una inflamaci\u00f3n del diente se ha extendido profundamente a trav\u00e9s del conducto radicular, es decir, el tejido nervioso, y tal vez incluso haya llegado a la mand\u00edbula. El diagn\u00f3stico de dicha inflamaci\u00f3n se realiza mediante una radiograf\u00eda.<\/p>\n<h2>La salvaci\u00f3n del diente es lo primero<\/h2>\n<p>Ahorrar con un tratamiento de conducto es una alternativa mucho mejor que sacar el diente afectado. Debido a la compleja anatom\u00eda de los muchos peque\u00f1os canales y cavidades, el tratamiento debe realizarse con absoluta conciencia y precisi\u00f3n. A menudo se utiliza un microscopio quir\u00fargico.<\/p>\n<h2>Proceso de tratamiento del conducto radicular<\/h2>\n<p>En primer lugar, la posici\u00f3n exacta y la longitud de los conductos radiculares se determinan mediante im\u00e1genes de rayos X. Despu\u00e9s de una anestesia local, se abre el diente y se extrae la pulpa, es decir, el interior blando del diente.<\/p>\n<p>Luego se perforan los conductos radiculares con un taladro muy delgado y altamente flexible y luego se limpian. Este procedimiento inevitablemente destruye el nervio y los vasos sangu\u00edneos del diente, matando efectivamente al diente. Sin embargo, esto no afecta su apariencia o funcionalidad. Incluso permanece la sensibilidad a la presi\u00f3n, ya que est\u00e1 controlada por los nervios del aparato de sujeci\u00f3n.<\/p>\n<h2>Evita las bacterias<\/h2>\n<p>Lo m\u00e1s importante durante todo el tratamiento es que se debe evitar a toda costa la contaminaci\u00f3n con bacterias. Por lo general, se coloca un dique de goma alrededor del diente. Esta es una peque\u00f1a l\u00e1mina de pl\u00e1stico que protege el sitio quir\u00fargico de la saliva y las bacterias. Una vez que la perforaci\u00f3n ha llegado a la punta de la ra\u00edz, el conducto radicular perforado se desinfecta a fondo, se aplica un medicamento antibacteriano y luego se sella y obtura.<\/p>\n<p>En \u00faltima instancia, el diente afectado debe cerrarse nuevamente. Le explicaremos de antemano si es mejor que sea con corona o con un empaste pl\u00e1stico. Como siempre, nuestra recomendaci\u00f3n depende del estado del diente afectado y de toda la dentici\u00f3n.<\/p>\n","protected":false},"excerpt":{"rendered":"<p>El tratamiento de ra\u00edz El tratamiento de conducto (tambi\u00e9n conocido como cirug\u00eda endod\u00f3ntica) es una medida comprobada para salvar un diente infectado. Se vuelve necesario cuando una inflamaci\u00f3n del diente se ha extendido profundamente a trav\u00e9s del conducto radicular, es decir, el tejido nervioso, y tal vez incluso haya llegado a la mand\u00edbula. El diagn\u00f3stico [&hellip;]<\/p>\n","protected":false},"author":2,"featured_media":0,"parent":0,"menu_order":0,"comment_status":"closed","ping_status":"closed","template":"","meta":{"_acf_changed":false,"footnotes":""},"class_list":["post-443","page","type-page","status-publish","hentry"],"acf":[],"aioseo_notices":[],"_links":{"self":[{"href":"https:\/\/seadent-design.com\/es\/wp-json\/wp\/v2\/pages\/443","targetHints":{"allow":["GET"]}}],"collection":[{"href":"https:\/\/seadent-design.com\/es\/wp-json\/wp\/v2\/pages"}],"about":[{"href":"https:\/\/seadent-design.com\/es\/wp-json\/wp\/v2\/types\/page"}],"author":[{"embeddable":true,"href":"https:\/\/seadent-design.com\/es\/wp-json\/wp\/v2\/users\/2"}],"replies":[{"embeddable":true,"href":"https:\/\/seadent-design.com\/es\/wp-json\/wp\/v2\/comments?post=443"}],"version-history":[{"count":3,"href":"https:\/\/seadent-design.com\/es\/wp-json\/wp\/v2\/pages\/443\/revisions"}],"predecessor-version":[{"id":446,"href":"https:\/\/seadent-design.com\/es\/wp-json\/wp\/v2\/pages\/443\/revisions\/446"}],"wp:attachment":[{"href":"https:\/\/seadent-design.com\/es\/wp-json\/wp\/v2\/media?parent=443"}],"curies":[{"name":"wp","href":"https:\/\/api.w.org\/{rel}","templated":true}]}}