{"id":452,"date":"2022-05-09T15:06:46","date_gmt":"2022-05-09T13:06:46","guid":{"rendered":"https:\/\/seadent-design.com\/implantologie"},"modified":"2023-03-15T11:24:15","modified_gmt":"2023-03-15T10:24:15","slug":"implantologie","status":"publish","type":"page","link":"https:\/\/seadent-design.com\/es\/implantologie","title":{"rendered":"Implantolog\u00eda"},"content":{"rendered":"<p>La implantolog\u00eda se refiere a las pr\u00f3tesis permanentes para los dientes perdidos. La raz\u00f3n de la p\u00e9rdida del diente juega un papel subordinado. Ya sea debido a un accidente, enfermedad o procesos de envejecimiento, los dientes perdidos individuales o filas enteras de dientes pueden restaurarse de forma permanente y est\u00e9tica con la ayuda de implantes. Tanto la sensaci\u00f3n normal de masticar como su sonrisa radiante pueden recuperarse de forma permanente y maravillosamente natural con implantes.<\/p>\n<p>M\u00e1s saludable y m\u00e1s c\u00f3modo.<\/p>\n<p>Las ventajas de un implante son obvias. Los espacios entre los dientes se pueden cerrar de forma discreta e independiente. A diferencia de los puentes y otras pr\u00f3tesis cl\u00e1sicas, los dientes sanos adyacentes no tienen que tallarse para sujetar los dispositivos y no se ven afectados en absoluto. No puedes ver nada y su diente es s\u00f3lido como una roca.<\/p>\n<p>La implantolog\u00eda da libertad<\/p>\n<p>Con un implante, nuestros pacientes no sienten ninguna diferencia en su vida diaria. Ni al re\u00edr, al comer o al hablar, nada puede resbalar o incluso caerse. La forma natural y las proporciones de la cara se conservan o restauran por completo. Porque un implante bien hecho no se diferencia de un diente natural real en principio ni en apariencia ni en funcionalidad.<\/p>\n<p>nos tomamos nuestro tiempo<\/p>\n<p>El tratamiento e implementaci\u00f3n de una implantolog\u00eda exitosa requiere de mucho cuidado desde el primer momento. Es por eso que dedicamos mucho tiempo para usted en nuestra pr\u00e1ctica. Despu\u00e9s de consultas detalladas, en las que analizamos su situaci\u00f3n y le mostramos todas las posibilidades y diferentes opciones, creamos un plan de tratamiento individual.<\/p>\n<p>El curso del tratamiento<\/p>\n<p>Luego usamos tecnolog\u00eda de punta para crear un escaneo 3D de su hueso para asegurarnos de que pueda soportar el implante de manera confiable. El hueso puede necesitar ser regenerado o reconstruido. Luego, en una sesi\u00f3n, insertamos una nueva ra\u00edz artificial, generalmente hecha de titanio, en el hueso de la mand\u00edbula.<\/p>\n<p>Este crece permanentemente con el hueso en unas pocas semanas y forma la base del diente como una ra\u00edz natural. Despu\u00e9s del proceso de curaci\u00f3n y el crecimiento completo en el hueso, el nuevo diente ahora se puede montar en la ra\u00edz. Porque a partir de este momento, la ra\u00edz artificial le da a su nuevo diente una sujeci\u00f3n firme y permanente.<\/p>\n<p>Un solo diente o toda la dentici\u00f3n<\/p>\n<p>Si el trabajo se realiza correctamente, no podr\u00e1 ver ni sentir ninguna diferencia con respecto a los otros dientes. Es por eso que las pr\u00f3tesis dentales utilizadas mediante implantolog\u00eda se ven tan absolutamente naturales. Y as\u00ed es como se siente. Y ni siquiera importa si se ha renovado un solo diente o toda la dentici\u00f3n. Por supuesto, tambi\u00e9n ofrecemos postratamiento de tus implantes dentales, te asesoramos en su cuidado e higiene, para que tanto la funcionalidad como tu sonrisa se conserven a largo plazo.<\/p>\n","protected":false},"excerpt":{"rendered":"<p>La implantolog\u00eda se refiere a las pr\u00f3tesis permanentes para los dientes perdidos. La raz\u00f3n de la p\u00e9rdida del diente juega un papel subordinado. Ya sea debido a un accidente, enfermedad o procesos de envejecimiento, los dientes perdidos individuales o filas enteras de dientes pueden restaurarse de forma permanente y est\u00e9tica con la ayuda de implantes. [&hellip;]<\/p>\n","protected":false},"author":1,"featured_media":0,"parent":0,"menu_order":0,"comment_status":"closed","ping_status":"closed","template":"","meta":{"_acf_changed":false,"footnotes":""},"class_list":["post-452","page","type-page","status-publish","hentry"],"acf":[],"aioseo_notices":[],"_links":{"self":[{"href":"https:\/\/seadent-design.com\/es\/wp-json\/wp\/v2\/pages\/452","targetHints":{"allow":["GET"]}}],"collection":[{"href":"https:\/\/seadent-design.com\/es\/wp-json\/wp\/v2\/pages"}],"about":[{"href":"https:\/\/seadent-design.com\/es\/wp-json\/wp\/v2\/types\/page"}],"author":[{"embeddable":true,"href":"https:\/\/seadent-design.com\/es\/wp-json\/wp\/v2\/users\/1"}],"replies":[{"embeddable":true,"href":"https:\/\/seadent-design.com\/es\/wp-json\/wp\/v2\/comments?post=452"}],"version-history":[{"count":2,"href":"https:\/\/seadent-design.com\/es\/wp-json\/wp\/v2\/pages\/452\/revisions"}],"predecessor-version":[{"id":486,"href":"https:\/\/seadent-design.com\/es\/wp-json\/wp\/v2\/pages\/452\/revisions\/486"}],"wp:attachment":[{"href":"https:\/\/seadent-design.com\/es\/wp-json\/wp\/v2\/media?parent=452"}],"curies":[{"name":"wp","href":"https:\/\/api.w.org\/{rel}","templated":true}]}}