{"id":455,"date":"2022-05-09T15:07:08","date_gmt":"2022-05-09T13:07:08","guid":{"rendered":"https:\/\/seadent-design.com\/kieferorthopaedie"},"modified":"2023-03-03T08:19:30","modified_gmt":"2023-03-03T07:19:30","slug":"kieferorthopaedie","status":"publish","type":"page","link":"https:\/\/seadent-design.com\/es\/kieferorthopaedie","title":{"rendered":"Kieferorthop\u00e4die"},"content":{"rendered":"<h2>Kieferorthop\u00e4die<\/h2>\n<p>Die Kieferorthop\u00e4die ist mehr, als nur mit einer Zahnspange die Z\u00e4hne in eine bessere Position zu zwingen. Vielmehr umfasst die Kieferorthop\u00e4die als Spezialgebiet der Zahnmedizin s\u00e4mtliche mit dem Kieferzusammenbiss, der Zahnstellung und der Funktion der Kiefergelenke im Zusammenhang stehenden Fehlfunktionen und Fehlstellungen sowie deren Korrektur.<\/p>\n<h2>Nicht nur ein \u00e4sthetisches Problem<\/h2>\n<p>Dabei sind schiefe Z\u00e4hne nicht nur ein \u00e4sthetisches Problem. Vielmehr kann es durch Zahnfehlstellungen zu einer ungleichen Belastung der Kiefergelenke kommen, was wiederum andere, das t\u00e4gliche Leben erschwerende, chronische Beschwerden nach sich ziehen kann.<\/p>\n<p>Desweiteren sind die Zwischenr\u00e4ume zwischen schief stehenden und sich \u00fcberlappenden Z\u00e4hnen nur schwer oder gar nicht zu reinigen, was wiederum beinahe zwangsl\u00e4ufig zu Karies und Parodontitis und nicht selten zum Zahnausfall f\u00fchrt.<\/p>\n<h2>Gesunde, sch\u00f6ne Z\u00e4hne bringen Selbstbewusstsein und Erfolg<\/h2>\n<p>Ein wichtiger Grund, Zahnfehlstellungen korrigieren zu lassen ist ohne Zweifel die \u00c4sthetik. Sch\u00f6ne, gerade und gesunde Z\u00e4hne st\u00e4rken das Selbstbewusstsein und sind vielfach ein wichtiger Faktor f\u00fcr privaten und beruflichen Erfolg. Selbst die Form des Gesichts und mitunter die Aussprache wird durch eine kieferorthop\u00e4dische Korrektur von Zahnfehlstellungen positiv beeinflusst.<\/p>\n<h2>Je fr\u00fcher, desto besser<\/h2>\n<p>Am besten w\u00e4re es nat\u00fcrlich, eine eventuelle Zahnfehlstellung so fr\u00fchzeitig wie m\u00f6glich zu erkennen, um deren negative Auswirkungen gar nicht erst zum Tragen kommen zu lassen. Daher werden in der Tat die meisten kieferorthop\u00e4dischen Behandlungen im Kindesalter ab 9 Jahren begonnen.<\/p>\n<p>In diesem Alter lassen sich Fehlstellungen deutlich leichter und unkomplizierter beheben, als im Erwachsenenalter, weil sich die Knochen noch nicht verfestigt haben und das gesamte Erwachsenengebiss noch im Aufbau ist.<\/p>\n<h2>Fehlstellungen der Z\u00e4hne dauerhaft korrigieren<\/h2>\n<p>Dennoch kann ein erfahrener Kieferorthop\u00e4de auch bei Erwachsenen Fehlstellungen der Z\u00e4hne sehr gut und dauerhaft korrigieren. Es gibt eine Vielzahl bekannter Fehlstellungen, bei denen eine Behandlung durch den Kieferorthop\u00e4den angesagt ist.<\/p>\n<p>Die gute Nachricht ist, dass mit ein wenig Geduld und Disziplin die meisten Fehlstellungen ohne operative Eingriffe korrigiert werden k\u00f6nnen. Ob \u00dcberbiss, Vorbiss, Kreuzbiss oder offener Biss, verschobene Linien, Zahnl\u00fccken oder das Gegenteil, Engstand und \u00dcberlappung, all das kann die Kieferorthop\u00e4die \u201ezurecht r\u00fccken\u201c.<\/p>\n<h2>Viele Wege f\u00fchren zum Ergebnis<\/h2>\n<p>Um dies zu erreichen, gibt es eine Vielzahl verschiedenster Techniken und Hilfsmittel. Was in Ihrem speziellen Fall die angesagte Behandlungsmethode sein wird, h\u00e4ngt wie immer von der Ausgangssituation und dem gew\u00fcnschten Ergebnis ab.<\/p>\n<p>Nach einer ausf\u00fchrlichen Erstuntersuchung und Befragung lassen sich bestimmte Sachverhalte bereits deutlich bestimmen. So zum Beispiel sind manche Fehlstellungen erblich. Wie wir also Ihre Z\u00e4hne am besten in Reih und Glied bekommen, welche M\u00f6glichkeiten und Alternativen es gibt, wie hoch die Kosten der jeweiligen Behandlung sein werden und wie lange die voraussichtliche Behandlungsdauer sein wird, werden wir gemeinsam mit Ihnen im Gespr\u00e4ch erl\u00e4utern.<\/p>\n<p>Auf dieser Basis k\u00f6nnen Sie f\u00fcr sich, gut informiert und fundiert, die richtige Entscheidung treffen.<\/p>\n<p><strong>Das Ergebnis: Ein lebenslanges strahlendes L\u00e4cheln mit gesunden Z\u00e4hnen, Schmerzfreiheit und ein gest\u00e4rktes Selbstbewusstsein.<\/strong><\/p>\n","protected":false},"excerpt":{"rendered":"<p>Kieferorthop\u00e4die Die Kieferorthop\u00e4die ist mehr, als nur mit einer Zahnspange die Z\u00e4hne in eine bessere Position zu zwingen. Vielmehr umfasst die Kieferorthop\u00e4die als Spezialgebiet der Zahnmedizin s\u00e4mtliche mit dem Kieferzusammenbiss, der Zahnstellung und der Funktion der Kiefergelenke im Zusammenhang stehenden Fehlfunktionen und Fehlstellungen sowie deren Korrektur. Nicht nur ein \u00e4sthetisches Problem Dabei sind schiefe Z\u00e4hne [&hellip;]<\/p>\n","protected":false},"author":1,"featured_media":0,"parent":0,"menu_order":0,"comment_status":"closed","ping_status":"closed","template":"","meta":{"_acf_changed":false,"footnotes":""},"class_list":["post-455","page","type-page","status-publish","hentry"],"acf":[],"aioseo_notices":[],"_links":{"self":[{"href":"https:\/\/seadent-design.com\/es\/wp-json\/wp\/v2\/pages\/455","targetHints":{"allow":["GET"]}}],"collection":[{"href":"https:\/\/seadent-design.com\/es\/wp-json\/wp\/v2\/pages"}],"about":[{"href":"https:\/\/seadent-design.com\/es\/wp-json\/wp\/v2\/types\/page"}],"author":[{"embeddable":true,"href":"https:\/\/seadent-design.com\/es\/wp-json\/wp\/v2\/users\/1"}],"replies":[{"embeddable":true,"href":"https:\/\/seadent-design.com\/es\/wp-json\/wp\/v2\/comments?post=455"}],"version-history":[{"count":1,"href":"https:\/\/seadent-design.com\/es\/wp-json\/wp\/v2\/pages\/455\/revisions"}],"predecessor-version":[{"id":456,"href":"https:\/\/seadent-design.com\/es\/wp-json\/wp\/v2\/pages\/455\/revisions\/456"}],"wp:attachment":[{"href":"https:\/\/seadent-design.com\/es\/wp-json\/wp\/v2\/media?parent=455"}],"curies":[{"name":"wp","href":"https:\/\/api.w.org\/{rel}","templated":true}]}}