{"id":462,"date":"2022-05-09T15:07:50","date_gmt":"2022-05-09T13:07:50","guid":{"rendered":"https:\/\/seadent-design.com\/zahnmedizinische-prophylaxe"},"modified":"2023-03-03T08:23:18","modified_gmt":"2023-03-03T07:23:18","slug":"zahnmedizinische-prophylaxe","status":"publish","type":"page","link":"https:\/\/seadent-design.com\/es\/zahnmedizinische-prophylaxe","title":{"rendered":"Zahnmedizinische Prophylaxe"},"content":{"rendered":"<h2>Zahnmedizinische Prophylaxe<\/h2>\n<p>Das Ziel einer zahnmedizinische Prophylaxe ist es, eventuellen Krankheiten wie Parodontitis, schlechtem Atem oder Karies vorzubeugen und zu verhindern, dass sie schlimmer werden.<\/p>\n<h2>Wie entstehen Bel\u00e4ge und was kann man tun?<\/h2>\n<p>Die verursachenden Bakterien siedeln sich in und auf Bel\u00e4gen und Speiseresten in schwer zug\u00e4nglichen Bereichen im Mund zwischen den Z\u00e4hnen und in Zahnfleischtaschen an.<\/p>\n<p>Im Prinzip ist das zweimalige t\u00e4gliche Z\u00e4hneputzen daheim durchaus eine zahnmedizinische Prophylaxe. Auch das Verzichten auf Rauchen und eine zuckerfreie Ern\u00e4hrung sind Vorsorgema\u00dfnahmen f\u00fcr Ihre Zahngesundheit, also letztlich Prophylaxe.<\/p>\n<p>Nur leider kommt man mit der Zahnb\u00fcrste und selbst mit Zahnseide nicht \u00fcberall hin. Der Zahnarzt, bzw. der Dentalhygieniker allerdings schon.<\/p>\n<h2>Was wird bei einer Prophylaxe gemacht?<\/h2>\n<p>Bei einer zahnmedizinischen Prophylaxe werden alle Oberfl\u00e4chen, Zwischenr\u00e4ume und die Zahnfleischtaschen gereinigt und von allem befreit, was dort nicht hingeh\u00f6rt, weswegen man die Prophylaxe umgangssprachlich auch professionelle Zahnreinigung nennt.<\/p>\n<p>Zur Entfernung von Bel\u00e4gen, Plaque, unsch\u00f6nen Verf\u00e4rbungen und Zahnstein kommen spezielle Ger\u00e4te wie Ultraschall, Pulverstrahl und Wasserstrahl sowie schonende Chemikalien zum Einsatz.<\/p>\n<p>Angst vor Schmerzen m\u00fcssen Sie nicht haben, denn in der Regel ist eine Zahnreinigung komplett schmerzfrei. Haben Sie allerdings freiliegende Zahnh\u00e4lse oder sind sehr empfindlich, setzen wir Ihnen auch gern eine lokale An\u00e4sthesie.<\/p>\n<h2>Wie lange, wie oft und warum?<\/h2>\n<p>Im Normalfall dauert eine Prophylaxe ungef\u00e4hr eine Stunde und Sie sollten sie zweimal im Jahr fest einplanen. Neben der Reinigung ist ein weiterer Vorteil einer zahnmedizinischen Prophylaxe, dass wir Ihnen gr\u00fcndlich in den Mund schauen und ggf. kleine Problemchen entdecken, bevor sie zu kostspieligen und schmerzhaften Problemen werden.<\/p>\n<p>Weil durch das Entfernen von Zahnstein, das Polieren und die Taschenreinigung der Zahnschmelz belastet wird, bekommen Sie von uns im Rahmen der Prophylaxe eine remineralisierende Schutzbeschichtung auf Ihre Z\u00e4hne. Deswegen sollten Sie nach Verlassen unserer Praxis so ungef\u00e4hr eine Stunde aufs Essen und Trinken verzichten.<\/p>\n<h2>Gesunde Z\u00e4hne sind wichtiger, als man denkt<\/h2>\n<p>Gesunde Z\u00e4hne sind f\u00fcr die Gesundheit insgesamt \u00e4u\u00dferst wichtig, denn Parodontitis erh\u00f6ht nachweislich signifikant das Risiko f\u00fcr Herzkrankheiten, Schlaganfall und Diabetes.<\/p>\n<p>Ein gesundes Gebiss mit gepflegten Z\u00e4hnen ist Ihre erste Visitenkarte bei einem jeden Kennenlernen im privaten wie im beruflichen Umfeld. Und wir m\u00f6chten, dass Sie strahlen!<\/p>\n","protected":false},"excerpt":{"rendered":"<p>Zahnmedizinische Prophylaxe Das Ziel einer zahnmedizinische Prophylaxe ist es, eventuellen Krankheiten wie Parodontitis, schlechtem Atem oder Karies vorzubeugen und zu verhindern, dass sie schlimmer werden. Wie entstehen Bel\u00e4ge und was kann man tun? Die verursachenden Bakterien siedeln sich in und auf Bel\u00e4gen und Speiseresten in schwer zug\u00e4nglichen Bereichen im Mund zwischen den Z\u00e4hnen und in [&hellip;]<\/p>\n","protected":false},"author":1,"featured_media":0,"parent":0,"menu_order":0,"comment_status":"closed","ping_status":"closed","template":"","meta":{"_acf_changed":false,"footnotes":""},"class_list":["post-462","page","type-page","status-publish","hentry"],"acf":[],"aioseo_notices":[],"_links":{"self":[{"href":"https:\/\/seadent-design.com\/es\/wp-json\/wp\/v2\/pages\/462","targetHints":{"allow":["GET"]}}],"collection":[{"href":"https:\/\/seadent-design.com\/es\/wp-json\/wp\/v2\/pages"}],"about":[{"href":"https:\/\/seadent-design.com\/es\/wp-json\/wp\/v2\/types\/page"}],"author":[{"embeddable":true,"href":"https:\/\/seadent-design.com\/es\/wp-json\/wp\/v2\/users\/1"}],"replies":[{"embeddable":true,"href":"https:\/\/seadent-design.com\/es\/wp-json\/wp\/v2\/comments?post=462"}],"version-history":[{"count":1,"href":"https:\/\/seadent-design.com\/es\/wp-json\/wp\/v2\/pages\/462\/revisions"}],"predecessor-version":[{"id":463,"href":"https:\/\/seadent-design.com\/es\/wp-json\/wp\/v2\/pages\/462\/revisions\/463"}],"wp:attachment":[{"href":"https:\/\/seadent-design.com\/es\/wp-json\/wp\/v2\/media?parent=462"}],"curies":[{"name":"wp","href":"https:\/\/api.w.org\/{rel}","templated":true}]}}