{"id":470,"date":"2022-05-10T08:50:25","date_gmt":"2022-05-10T06:50:25","guid":{"rendered":"https:\/\/seadent-design.com\/?page_id=470"},"modified":"2023-03-15T09:12:14","modified_gmt":"2023-03-15T08:12:14","slug":"ultima-tecnologia","status":"publish","type":"page","link":"https:\/\/seadent-design.com\/es\/ultima-tecnologia","title":{"rendered":"\u00daltima tecnolog\u00eda"},"content":{"rendered":"<p>El desarrollo tecnol\u00f3gico es r\u00e1pido. Casi todos los a\u00f1os, se presentan nuevas tecnolog\u00edas, m\u00e9todos de tratamiento y equipos que permiten un tratamiento mejor, m\u00e1s suave y m\u00e1s sostenible. Nuestra pr\u00e1ctica es de vanguardia. Los \u00faltimos esc\u00e1neres 3D, la tecnolog\u00eda de rayos X digital de baja radiaci\u00f3n y el desarrollo de dise\u00f1o asistido por computadora para dentaduras postizas (CAD) son solo algunos de los puntos destacados. Para usted como paciente, esto tiene la ventaja de que puede ser tratado en menos sesiones, sin dolor y con baja radiaci\u00f3n, que el resultado de su tratamiento tiene una apariencia a\u00fan m\u00e1s natural y dura m\u00e1s, puede evaluar visualmente el resultado con anticipaci\u00f3n y mucho m\u00e1s. Cada a\u00f1o invertimos en la formaci\u00f3n de nuestro personal y nuevos equipos para poder ofrecerte siempre el trato actualizado que creemos que te mereces.<\/p>\n<p>&nbsp;<\/p>\n<p>&nbsp;<\/p>\n","protected":false},"excerpt":{"rendered":"<p>El desarrollo tecnol\u00f3gico es r\u00e1pido. Casi todos los a\u00f1os, se presentan nuevas tecnolog\u00edas, m\u00e9todos de tratamiento y equipos que permiten un tratamiento mejor, m\u00e1s suave y m\u00e1s sostenible. Nuestra pr\u00e1ctica es de vanguardia. Los \u00faltimos esc\u00e1neres 3D, la tecnolog\u00eda de rayos X digital de baja radiaci\u00f3n y el desarrollo de dise\u00f1o asistido por computadora para [&hellip;]<\/p>\n","protected":false},"author":2,"featured_media":0,"parent":0,"menu_order":0,"comment_status":"closed","ping_status":"closed","template":"","meta":{"_acf_changed":false,"footnotes":""},"class_list":["post-470","page","type-page","status-publish","hentry"],"acf":[],"aioseo_notices":[],"_links":{"self":[{"href":"https:\/\/seadent-design.com\/es\/wp-json\/wp\/v2\/pages\/470","targetHints":{"allow":["GET"]}}],"collection":[{"href":"https:\/\/seadent-design.com\/es\/wp-json\/wp\/v2\/pages"}],"about":[{"href":"https:\/\/seadent-design.com\/es\/wp-json\/wp\/v2\/types\/page"}],"author":[{"embeddable":true,"href":"https:\/\/seadent-design.com\/es\/wp-json\/wp\/v2\/users\/2"}],"replies":[{"embeddable":true,"href":"https:\/\/seadent-design.com\/es\/wp-json\/wp\/v2\/comments?post=470"}],"version-history":[{"count":1,"href":"https:\/\/seadent-design.com\/es\/wp-json\/wp\/v2\/pages\/470\/revisions"}],"predecessor-version":[{"id":471,"href":"https:\/\/seadent-design.com\/es\/wp-json\/wp\/v2\/pages\/470\/revisions\/471"}],"wp:attachment":[{"href":"https:\/\/seadent-design.com\/es\/wp-json\/wp\/v2\/media?parent=470"}],"curies":[{"name":"wp","href":"https:\/\/api.w.org\/{rel}","templated":true}]}}