{"id":474,"date":"2022-05-10T19:35:28","date_gmt":"2022-05-10T17:35:28","guid":{"rendered":"https:\/\/seadent-design.com\/?page_id=474"},"modified":"2023-03-15T09:21:11","modified_gmt":"2023-03-15T08:21:11","slug":"se-busca-asistente-dental-m-f-d-de-inmediato","status":"publish","type":"page","link":"https:\/\/seadent-design.com\/es\/se-busca-asistente-dental-m-f-d-de-inmediato","title":{"rendered":"Se busca Asistente Dental ( m \/ f \/ d ) de inmediato:"},"content":{"rendered":"<p>Env\u00ede sus documentos de solicitud habituales por correo electr\u00f3nico a la direcci\u00f3n de contacto. El apoyo con la reubicaci\u00f3n, la organizaci\u00f3n y la b\u00fasqueda de un apartamento est\u00e1 garantizado si a\u00fan no tiene una residencia en Mallorca. Las habilidades en idiomas extranjeros de cualquier tipo son \u00fatiles y una gran ventaja en la entrevista. El salario est\u00e1 por encima del nivel espa\u00f1ol.<\/p>\n<p>&nbsp;<\/p>\n<p>&nbsp;<\/p>\n","protected":false},"excerpt":{"rendered":"<p>Env\u00ede sus documentos de solicitud habituales por correo electr\u00f3nico a la direcci\u00f3n de contacto. El apoyo con la reubicaci\u00f3n, la organizaci\u00f3n y la b\u00fasqueda de un apartamento est\u00e1 garantizado si a\u00fan no tiene una residencia en Mallorca. Las habilidades en idiomas extranjeros de cualquier tipo son \u00fatiles y una gran ventaja en la entrevista. El [&hellip;]<\/p>\n","protected":false},"author":2,"featured_media":0,"parent":0,"menu_order":0,"comment_status":"closed","ping_status":"closed","template":"","meta":{"_acf_changed":false,"footnotes":""},"class_list":["post-474","page","type-page","status-publish","hentry"],"acf":[],"aioseo_notices":[],"_links":{"self":[{"href":"https:\/\/seadent-design.com\/es\/wp-json\/wp\/v2\/pages\/474","targetHints":{"allow":["GET"]}}],"collection":[{"href":"https:\/\/seadent-design.com\/es\/wp-json\/wp\/v2\/pages"}],"about":[{"href":"https:\/\/seadent-design.com\/es\/wp-json\/wp\/v2\/types\/page"}],"author":[{"embeddable":true,"href":"https:\/\/seadent-design.com\/es\/wp-json\/wp\/v2\/users\/2"}],"replies":[{"embeddable":true,"href":"https:\/\/seadent-design.com\/es\/wp-json\/wp\/v2\/comments?post=474"}],"version-history":[{"count":1,"href":"https:\/\/seadent-design.com\/es\/wp-json\/wp\/v2\/pages\/474\/revisions"}],"predecessor-version":[{"id":475,"href":"https:\/\/seadent-design.com\/es\/wp-json\/wp\/v2\/pages\/474\/revisions\/475"}],"wp:attachment":[{"href":"https:\/\/seadent-design.com\/es\/wp-json\/wp\/v2\/media?parent=474"}],"curies":[{"name":"wp","href":"https:\/\/api.w.org\/{rel}","templated":true}]}}