{"id":478,"date":"2022-05-10T08:47:47","date_gmt":"2022-05-10T06:47:47","guid":{"rendered":"https:\/\/seadent-design.com\/?page_id=478"},"modified":"2023-03-15T09:34:56","modified_gmt":"2023-03-15T08:34:56","slug":"excelente-servicio","status":"publish","type":"page","link":"https:\/\/seadent-design.com\/es\/excelente-servicio","title":{"rendered":"Excelente Servicio"},"content":{"rendered":"<p>En nuestra pr\u00e1ctica de SeaDent, sentir\u00e1 desde el primer contacto que algo es diferente aqu\u00ed. Todo gira a tu alrededor. Ya sea que se presente en medio de la noche, por una emergencia, para una cita para una limpieza dental o por la ma\u00f1ana con un dolor de muelas agudo, o si desea consejos para mejorar sus dientes, nos enfocamos en cada paciente.<\/p>\n<p>Y nos tomamos nuestro tiempo para usted. Por supuesto, todos nuestros empleados son especialistas en su campo. La satisfacci\u00f3n de nuestros pacientes y las calificaciones de Google han hablado por s\u00ed mismas durante a\u00f1os. Capacitados constantemente para estar siempre a la vanguardia en medicina, materiales y tecnolog\u00eda, le prometemos un servicio alem\u00e1n de primera en nuestra consulta en el coraz\u00f3n de Mallorca.<\/p>\n","protected":false},"excerpt":{"rendered":"<p>En nuestra pr\u00e1ctica de SeaDent, sentir\u00e1 desde el primer contacto que algo es diferente aqu\u00ed. Todo gira a tu alrededor. Ya sea que se presente en medio de la noche, por una emergencia, para una cita para una limpieza dental o por la ma\u00f1ana con un dolor de muelas agudo, o si desea consejos para [&hellip;]<\/p>\n","protected":false},"author":2,"featured_media":0,"parent":0,"menu_order":0,"comment_status":"closed","ping_status":"closed","template":"","meta":{"_acf_changed":false,"footnotes":""},"class_list":["post-478","page","type-page","status-publish","hentry"],"acf":[],"aioseo_notices":[],"_links":{"self":[{"href":"https:\/\/seadent-design.com\/es\/wp-json\/wp\/v2\/pages\/478","targetHints":{"allow":["GET"]}}],"collection":[{"href":"https:\/\/seadent-design.com\/es\/wp-json\/wp\/v2\/pages"}],"about":[{"href":"https:\/\/seadent-design.com\/es\/wp-json\/wp\/v2\/types\/page"}],"author":[{"embeddable":true,"href":"https:\/\/seadent-design.com\/es\/wp-json\/wp\/v2\/users\/2"}],"replies":[{"embeddable":true,"href":"https:\/\/seadent-design.com\/es\/wp-json\/wp\/v2\/comments?post=478"}],"version-history":[{"count":1,"href":"https:\/\/seadent-design.com\/es\/wp-json\/wp\/v2\/pages\/478\/revisions"}],"predecessor-version":[{"id":479,"href":"https:\/\/seadent-design.com\/es\/wp-json\/wp\/v2\/pages\/478\/revisions\/479"}],"wp:attachment":[{"href":"https:\/\/seadent-design.com\/es\/wp-json\/wp\/v2\/media?parent=478"}],"curies":[{"name":"wp","href":"https:\/\/api.w.org\/{rel}","templated":true}]}}