{"id":489,"date":"2023-03-15T11:32:07","date_gmt":"2023-03-15T10:32:07","guid":{"rendered":"https:\/\/seadent-design.com\/?page_id=489"},"modified":"2023-03-15T11:38:29","modified_gmt":"2023-03-15T10:38:29","slug":"diseno-dental-odontologia-estetica","status":"publish","type":"page","link":"https:\/\/seadent-design.com\/es\/diseno-dental-odontologia-estetica","title":{"rendered":"Dise\u00f1o Dental \/ Odontolog\u00eda Est\u00e9tica"},"content":{"rendered":"<div class=\"service-single-area py-120\">\n<div class=\"container\">\n<div class=\"service-single-wrapper\">\n<div class=\"row\">\n<div class=\"col-xl-12 col-lg-12\">\n<div class=\"service-details\">\n<div class=\"service-details\">\n<div id=\"tw-target-text-container\" class=\"tw-ta-container F0azHf tw-nfl\" tabindex=\"0\">\n<h2>Carillas de dientes &#8211; Carillas de dise\u00f1o dental<\/h2>\n<p>El dise\u00f1o dental describe un cierto tipo de redise\u00f1o de los dientes humanos. Hay muchas razones por las que desea tener dientes nuevos. Comenzando por los dientes oscuros, que de ninguna manera cumplen con las demandas de la est\u00e9tica actual, pasando por los dientes torcidos hasta el api\u00f1amiento, es decir, las posiciones de los dientes se superponen, las razones son tan diferentes como las personas mismas.<\/p>\n<h2>Los dientes malos te enferman<\/h2>\n<p>Los dientes \u00abmalos\u00bb que han sido desfigurados por accidentes, desgastados por malos h\u00e1bitos o descoloridos, as\u00ed como hereditarios, pueden sobrecargar seriamente la psique del usuario y provocar enfermedades malignas secundarias. En la mayor\u00eda de los casos, el alivio permanente es simple e indoloro. Recubrir los dientes con cubiertas de cer\u00e1mica ha demostrado ser muy efectivo.<\/p>\n<h2>Lo m\u00e1s importante: An\u00e1lisis y asesoramiento<\/h2>\n<p>C\u00f3mo te ayudamos a tener una sonrisa radiante, una mejor autoestima y m\u00e1s comodidad en tu vida diaria est\u00e1 determinado por tus deseos y la situaci\u00f3n inicial. Despu\u00e9s de un inventario inicial y una discusi\u00f3n preliminar detallada, le explicaremos las opciones disponibles, sus costos y la duraci\u00f3n del tratamiento junto con usted.<\/p>\n<p>\u00bfEst\u00e1n bien las ra\u00edces de los dientes? \u00bfLos dientes se ven afectados por la caries dental? \u00bfC\u00f3mo son las enc\u00edas? Todas estas preguntas est\u00e1n al principio y deben ser aclaradas. Porque no hace falta decir que no tiene mucho sentido cubrir bien un diente desde el exterior si la sustancia debajo no est\u00e1 en orden. Si hay desalineaciones no deseadas, analizaremos juntos c\u00f3mo podemos corregirlas en consecuencia.<\/p>\n<h2>Cosm\u00e9tica dental \/ F\u00e9rula de Hollywood<\/h2>\n<p>A menudo se puede lograr una mejora relativamente simple pero muy efectiva de la impresi\u00f3n general con la llamada pista de Hollywood. Para esta f\u00e9rula no es necesaria ninguna intervenci\u00f3n en sus propios dientes, sino que se pone una sonrisa perfecta sobre sus propios dientes, que no son tan perfectos. Sin embargo, esta f\u00e9rula debe retirarse para comer y cepillarse los dientes.<br \/>\nDise\u00f1o dental con carillas \/ carillas dentales de cer\u00e1mica<\/p>\n<\/div>\n<p><iframe loading=\"lazy\" title=\"YouTube video player\" src=\"https:\/\/www.youtube-nocookie.com\/embed\/NKqAwkqkZdc\" width=\"560\" height=\"315\" frameborder=\"0\" allowfullscreen=\"allowfullscreen\" data-mce-fragment=\"1\"><\/iframe><\/p>\n<div id=\"tw-target-text-container\" class=\"tw-ta-container F0azHf tw-nfl\" tabindex=\"0\">\n<p>&nbsp;<\/p>\n<p>Si le gusta algo m\u00e1s duradero y elegante, puede lograr excelentes resultados con las carillas. Las carillas son placas de cer\u00e1mica muy finas que se utilizan con frecuencia en el dise\u00f1o dental y que pr\u00e1cticamente se pegan al diente.<\/p>\n<p>Para asegurarnos de que el diente conserve su grosor original despu\u00e9s, lijamos una peque\u00f1a cantidad de esmalte dental. Solo lo suficiente para dar espacio a las carillas. Estas peque\u00f1as carillas duran d\u00e9cadas, son f\u00e1ciles de cuidar y su diente se conserva por completo. Tu viejo diente vivo todav\u00eda est\u00e1 en su lugar: acaba de recibir un nuevo revestimiento de cer\u00e1mica.<\/p>\n<p>En principio, el revestimiento con Lumineers funciona de la misma manera. Sin embargo, estos son tan delgados como una oblea que simplemente se pueden pegar al diente sin moler nada del esmalte. Si la ra\u00edz del diente o las enc\u00edas est\u00e1n inflamadas o da\u00f1adas, las trataremos de forma natural previamente.<\/p>\n<h2>Las Coronas son duraderas y est\u00e9ticas.<\/h2>\n<p>Si su diente est\u00e1 un poco da\u00f1ado en general y quiz\u00e1s ya tenga uno o m\u00e1s empastes, la soluci\u00f3n podr\u00eda ser una corona parcial o total. Aqu\u00ed tambi\u00e9n se conservar\u00e1 su diente. Solo trituramos la sustancia dental alrededor y luego la reemplazamos con una especie de \u00absombrero\u00bb, la llamada corona.<\/p>\n<p>En el dise\u00f1o dental actual, estas coronas se fresan y se hornean directamente desde un modelo 3D en la computadora, principalmente de cer\u00e1micas muy especiales. Dependiendo de las habilidades del prot\u00e9sico dental y del dentista tratante, estos no se pueden distinguir de un diente real en t\u00e9rminos de estructura, forma y color. \u00a1Y el dentista Jan D. Heiringhoff es simplemente genial en esta \u00e1rea!<\/p>\n<p>La diferencia con una dentadura postiza es que es b\u00e1sicamente tu diente con su ra\u00edz. Esto se puede hacer con dientes da\u00f1ados por razones funcionales y para preservar el diente, as\u00ed como por razones est\u00e9ticas con los dientes frontales o incluso con toda la dentici\u00f3n.<\/p>\n<h3>El resultado son unos dientes impecables en el tono previamente seleccionado.<\/h3>\n<\/div>\n<\/div>\n<\/div>\n<\/div>\n<\/div>\n<\/div>\n<\/div>\n<\/div>\n","protected":false},"excerpt":{"rendered":"<p>Carillas de dientes &#8211; Carillas de dise\u00f1o dental El dise\u00f1o dental describe un cierto tipo de redise\u00f1o de los dientes humanos. Hay muchas razones por las que desea tener dientes nuevos. Comenzando por los dientes oscuros, que de ninguna manera cumplen con las demandas de la est\u00e9tica actual, pasando por los dientes torcidos hasta el [&hellip;]<\/p>\n","protected":false},"author":2,"featured_media":0,"parent":0,"menu_order":0,"comment_status":"closed","ping_status":"closed","template":"","meta":{"_acf_changed":false,"footnotes":""},"class_list":["post-489","page","type-page","status-publish","hentry"],"acf":[],"aioseo_notices":[],"_links":{"self":[{"href":"https:\/\/seadent-design.com\/es\/wp-json\/wp\/v2\/pages\/489","targetHints":{"allow":["GET"]}}],"collection":[{"href":"https:\/\/seadent-design.com\/es\/wp-json\/wp\/v2\/pages"}],"about":[{"href":"https:\/\/seadent-design.com\/es\/wp-json\/wp\/v2\/types\/page"}],"author":[{"embeddable":true,"href":"https:\/\/seadent-design.com\/es\/wp-json\/wp\/v2\/users\/2"}],"replies":[{"embeddable":true,"href":"https:\/\/seadent-design.com\/es\/wp-json\/wp\/v2\/comments?post=489"}],"version-history":[{"count":5,"href":"https:\/\/seadent-design.com\/es\/wp-json\/wp\/v2\/pages\/489\/revisions"}],"predecessor-version":[{"id":495,"href":"https:\/\/seadent-design.com\/es\/wp-json\/wp\/v2\/pages\/489\/revisions\/495"}],"wp:attachment":[{"href":"https:\/\/seadent-design.com\/es\/wp-json\/wp\/v2\/media?parent=489"}],"curies":[{"name":"wp","href":"https:\/\/api.w.org\/{rel}","templated":true}]}}