{"id":500,"date":"2023-03-15T11:50:07","date_gmt":"2023-03-15T10:50:07","guid":{"rendered":"https:\/\/seadent-design.com\/?page_id=500"},"modified":"2023-03-15T11:50:53","modified_gmt":"2023-03-15T10:50:53","slug":"ortodoncia-correcciones-de-desalineacion-dental","status":"publish","type":"page","link":"https:\/\/seadent-design.com\/es\/ortodoncia-correcciones-de-desalineacion-dental","title":{"rendered":"Ortodoncia \/ Correcciones de desalineaci\u00f3n dental"},"content":{"rendered":"<h2>Ortodoncia<\/h2>\n<p>La ortodoncia es m\u00e1s que simplemente forzar los dientes a una mejor posici\u00f3n con aparatos ortop\u00e9dicos. M\u00e1s bien, la ortodoncia como campo especial de la odontolog\u00eda incluye todas las disfunciones y malposiciones relacionadas con el apriete de la mand\u00edbula, la posici\u00f3n de los dientes y la funci\u00f3n de las articulaciones de la mand\u00edbula, as\u00ed como su correcci\u00f3n.<br \/>\nNo es solo una cuesti\u00f3n est\u00e9tica.<\/p>\n<p>Los dientes torcidos no son solo un problema est\u00e9tico. Por el contrario, los dientes desalineados pueden dar lugar a una carga desigual sobre las articulaciones de la mand\u00edbula, lo que a su vez puede dar lugar a otras dolencias cr\u00f3nicas que dificultan la vida cotidiana.<\/p>\n<p>Adem\u00e1s, los espacios entre los dientes torcidos y superpuestos son dif\u00edciles o imposibles de limpiar, lo que a su vez conduce casi inevitablemente a la caries y la periodontitis y, a menudo, a la p\u00e9rdida de dientes.<\/p>\n<h2>Los dientes sanos y bonitos aportan confianza en uno mismo y \u00e9xito<\/h2>\n<p>Una raz\u00f3n importante para corregir los dientes desalineados es, sin duda, la est\u00e9tica. Los dientes hermosos, rectos y saludables fortalecen la confianza en uno mismo y, a menudo, son un factor importante para el \u00e9xito personal y profesional. Incluso la forma de la cara ya veces la pronunciaci\u00f3n se ve influenciada positivamente por una correcci\u00f3n de ortodoncia de dientes desalineados.<br \/>\nCuanto antes mejor<\/p>\n<p>Por supuesto, ser\u00eda mejor reconocer cualquier diente mal posicionado lo antes posible para evitar que sus efectos negativos tengan un impacto en primer lugar. Por eso, de hecho, la mayor\u00eda de los tratamientos de ortodoncia se inician en ni\u00f1os a partir de los 9 a\u00f1os.<\/p>\n<p>A esta edad, las malposiciones se pueden corregir mucho m\u00e1s f\u00e1cilmente y sin complicaciones que en la edad adulta, porque los huesos a\u00fan no se han solidificado y toda la dentici\u00f3n adulta a\u00fan se est\u00e1 desarrollando.<\/p>\n<h2>Correcci\u00f3n permanente de dientes desalineados<\/h2>\n<p>Sin embargo, un ortodoncista experimentado puede corregir muy bien y de forma permanente los dientes desalineados, incluso en adultos. Hay una serie de desalineaciones bien conocidas que requieren tratamiento por parte de un ortodoncista.<\/p>\n<p>La buena noticia es que con un poco de paciencia y disciplina, la mayor\u00eda de las desalineaciones se pueden corregir sin cirug\u00eda. Ya se trate de una sobremordida, una submordida, una mordida cruzada o una mordida abierta, l\u00edneas desalineadas, espacios entre dientes o lo contrario, api\u00f1amiento y superposici\u00f3n, la ortodoncia puede \u00abarreglar las cosas\u00bb.<br \/>\nMuchos caminos conducen al resultado.<\/p>\n<p>Hay una serie de diferentes t\u00e9cnicas y herramientas para lograr esto. Cu\u00e1l ser\u00e1 el m\u00e9todo de tratamiento popular en su caso espec\u00edfico depende, como siempre, de la situaci\u00f3n inicial y del resultado deseado.<\/p>\n","protected":false},"excerpt":{"rendered":"<p>Ortodoncia La ortodoncia es m\u00e1s que simplemente forzar los dientes a una mejor posici\u00f3n con aparatos ortop\u00e9dicos. M\u00e1s bien, la ortodoncia como campo especial de la odontolog\u00eda incluye todas las disfunciones y malposiciones relacionadas con el apriete de la mand\u00edbula, la posici\u00f3n de los dientes y la funci\u00f3n de las articulaciones de la mand\u00edbula, as\u00ed [&hellip;]<\/p>\n","protected":false},"author":2,"featured_media":0,"parent":0,"menu_order":0,"comment_status":"closed","ping_status":"closed","template":"","meta":{"_acf_changed":false,"footnotes":""},"class_list":["post-500","page","type-page","status-publish","hentry"],"acf":[],"aioseo_notices":[],"_links":{"self":[{"href":"https:\/\/seadent-design.com\/es\/wp-json\/wp\/v2\/pages\/500","targetHints":{"allow":["GET"]}}],"collection":[{"href":"https:\/\/seadent-design.com\/es\/wp-json\/wp\/v2\/pages"}],"about":[{"href":"https:\/\/seadent-design.com\/es\/wp-json\/wp\/v2\/types\/page"}],"author":[{"embeddable":true,"href":"https:\/\/seadent-design.com\/es\/wp-json\/wp\/v2\/users\/2"}],"replies":[{"embeddable":true,"href":"https:\/\/seadent-design.com\/es\/wp-json\/wp\/v2\/comments?post=500"}],"version-history":[{"count":3,"href":"https:\/\/seadent-design.com\/es\/wp-json\/wp\/v2\/pages\/500\/revisions"}],"predecessor-version":[{"id":503,"href":"https:\/\/seadent-design.com\/es\/wp-json\/wp\/v2\/pages\/500\/revisions\/503"}],"wp:attachment":[{"href":"https:\/\/seadent-design.com\/es\/wp-json\/wp\/v2\/media?parent=500"}],"curies":[{"name":"wp","href":"https:\/\/api.w.org\/{rel}","templated":true}]}}