{"id":531,"date":"2022-05-09T15:18:35","date_gmt":"2022-05-09T13:18:35","guid":{"rendered":"https:\/\/seadent-design.com\/?page_id=531"},"modified":"2023-03-15T18:27:42","modified_gmt":"2023-03-15T17:27:42","slug":"pie-de-imprenta","status":"publish","type":"page","link":"https:\/\/seadent-design.com\/es\/pie-de-imprenta","title":{"rendered":"Pie de imprenta"},"content":{"rendered":"<p>Pie de imprenta para seadent-design.com.<\/p>\n<h3>Responsable del contenido seg\u00fan \u00a7 55 II RStV:<br \/>\nJan D. Heiringhoff<\/h3>\n<p><strong>Protecci\u00f3n de Datos:<\/strong><br \/>\nPuede encontrar nuestra pol\u00edtica de privacidad en seadent-design.com\/datenschutzerklaerung.<\/p>\n<p><strong>Informaci\u00f3n seg\u00fan \u00a7 5 TMG:<\/strong><br \/>\nCompa\u00f1\u00eda: SeaDent | Avenida de Jaime III \u2116 3, Palma, Mallorca<br \/>\nPropietario: Jan D. Heiringhoff<\/p>\n<p><strong>Detalles de contacto:<\/strong><br \/>\nTel\u00e9fono: 603 31 96 48<br \/>\nCorreo electr\u00f3nico: mail@seadent-design.com<\/p>\n<p><strong>Dise\u00f1o y Servicio Web, Online-Marketing \/ SEO:<\/strong><br \/>\nWBD Web Business Development GmbH<br \/>\nSchleswig \/ Hamburgo<br \/>\nContacto: info \u2013 \u00e4t \u2013 wbd-konzepte.de<\/p>\n<p><strong>Responsabilidad por el contenido:<\/strong><br \/>\nComo proveedor de servicios, somos responsables de nuestro propio contenido en estas p\u00e1ginas de acuerdo con la Secci\u00f3n 7, P\u00e1rrafo 1 de la Ley Alemana de Telemedia (TMG). Sin embargo, de acuerdo con los \u00a7\u00a7 8 a 10 TMG, nosotros, como proveedores de servicios, no estamos obligados a controlar la informaci\u00f3n de terceros transmitida o almacenada ni a investigar circunstancias que indiquen una actividad ilegal.<\/p>\n<p>Las obligaciones de eliminar o bloquear el uso de informaci\u00f3n de acuerdo con las leyes generales no se ver\u00e1n afectadas. Sin embargo, la responsabilidad en este sentido s\u00f3lo es posible a partir del momento en que se tiene conocimiento de una infracci\u00f3n espec\u00edfica de la ley. Tan pronto como tengamos conocimiento de cualquier violaci\u00f3n de la ley, eliminaremos este contenido de inmediato.<\/p>\n<p><strong>Responsabilidad por enlaces:<\/strong><br \/>\nLas referencias y enlaces a sitios web de terceros est\u00e1n fuera de nuestra \u00e1rea de responsabilidad. Rechaza cualquier responsabilidad por dichos sitios web. El acceso y uso de tales sitios web es bajo el propio riesgo del usuario.<\/p>\n<p><strong>Derechos de autor:<\/strong><br \/>\nEl contenido y las obras creadas por nosotros en estas p\u00e1ginas est\u00e1n sujetos a la ley alemana de derechos de autor. La reproducci\u00f3n, edici\u00f3n, distribuci\u00f3n y cualquier tipo de explotaci\u00f3n fuera de los l\u00edmites de los derechos de autor requieren el consentimiento por escrito del respectivo autor o creador. Las descargas y copias de este sitio solo est\u00e1n permitidas para uso privado y no comercial.<\/p>\n<p>Siempre que el contenido de este sitio no haya sido creado por nosotros, se respetan los derechos de autor de terceros. En particular, los contenidos de terceros est\u00e1n marcados como tales. No obstante, si se entera de una infracci\u00f3n de derechos de autor, le pedimos que nos informe en consecuencia. Tan pronto como tengamos conocimiento de violaciones legales, eliminaremos dicho contenido de inmediato.<\/p>\n<p><strong>Descargo de responsabilidad:<\/strong><br \/>\nNo asumimos ninguna responsabilidad por la exactitud, exactitud, puntualidad, fiabilidad e integridad de la informaci\u00f3n. Quedan excluidas las reclamaciones de responsabilidad por da\u00f1os de car\u00e1cter material o inmaterial derivados del acceso, uso o no uso de la informaci\u00f3n publicada, mal uso de la conexi\u00f3n o fallos t\u00e9cnicos.<\/p>\n<p>Todas las ofertas son sin compromiso. Nos reservamos expresamente el derecho de cambiar, complementar o eliminar partes de las p\u00e1ginas o la oferta completa sin previo aviso o de suspender la publicaci\u00f3n de forma temporal o permanente.<\/p>\n<p><strong>Photos:<\/strong><br \/>\nSeaDent uses images from the sources indicated under the articles as well as:<\/p>\n<p>Photo by Caroline LM on Unsplash ( Probe \/ Mirror )<br \/>\nPhoto by Caroline LM on Unsplash ( patient, probe, mirror )<br \/>\nPhoto by Daniel Frank on Unsplash ( Whitening )<br \/>\nPhoto by Jon Tyson on Unsplash ( probes, paraphernalia )<br \/>\nPhoto by Erick Tang on Unsplash ( Smile )<br \/>\nPhoto by The Humble Co. on Unsplash ( Toothbrushes )<br \/>\nPhoto by Diana Polekhina on Unsplash ( Child with Hollywood clasp )<br \/>\nPhoto by Quang Tri NGUYEN on Unsplash ( computer image )<br \/>\nPhoto by Geo Days on Unsplash (Dentist examining child)<br \/>\nPhoto by Amr Taha\u2122 on Unsplash (denture impression)<br \/>\nPhoto by Enis Yavuz on Unsplash ( bit \/ plastic with metal clip<br \/>\nPhoto by Enis Yavuz on Unsplash ( bit \/ plastic )<br \/>\nPhoto by Quang Tri NGUYEN on Unsplash ( Dental Drill )<br \/>\nPhoto by Jonathan Borba on Unsplash ( pin tooth in the middle, denture )<br \/>\nPhoto by Jonathan Borba on Unsplash ( X-Ray )<\/p>\n<p><strong>V\u00eddeos:<\/strong><br \/>\nSeaDent utiliza videos producidos individualmente, as\u00ed como de las fuentes indicadas en los art\u00edculos.<\/p>\n<p><strong>Descargo de responsabilidad:<\/strong><br \/>\nNo asumimos ninguna responsabilidad por la exactitud, exactitud, puntualidad, fiabilidad e integridad de la informaci\u00f3n. Quedan excluidas las reclamaciones de responsabilidad por da\u00f1os de car\u00e1cter material o inmaterial derivados del acceso, uso o no uso de la informaci\u00f3n publicada, mal uso de la conexi\u00f3n o fallos t\u00e9cnicos.<\/p>\n<p>Todas las ofertas son sin compromiso. Nos reservamos expresamente el derecho de cambiar, complementar o eliminar partes de las p\u00e1ginas o la oferta completa sin previo aviso o de suspender la publicaci\u00f3n de forma temporal o permanente.<\/p>\n<p><em>Fuente: Muestra de Flegl Rechtsanw\u00e4lte GmbH<\/em><\/p>\n","protected":false},"excerpt":{"rendered":"<p>Pie de imprenta para seadent-design.com. Responsable del contenido seg\u00fan \u00a7 55 II RStV: Jan D. Heiringhoff Protecci\u00f3n de Datos: Puede encontrar nuestra pol\u00edtica de privacidad en seadent-design.com\/datenschutzerklaerung. Informaci\u00f3n seg\u00fan \u00a7 5 TMG: Compa\u00f1\u00eda: SeaDent | Avenida de Jaime III \u2116 3, Palma, Mallorca Propietario: Jan D. Heiringhoff Detalles de contacto: Tel\u00e9fono: 603 31 96 48 [&hellip;]<\/p>\n","protected":false},"author":2,"featured_media":0,"parent":0,"menu_order":0,"comment_status":"closed","ping_status":"closed","template":"","meta":{"_acf_changed":false,"footnotes":""},"class_list":["post-531","page","type-page","status-publish","hentry"],"acf":[],"aioseo_notices":[],"_links":{"self":[{"href":"https:\/\/seadent-design.com\/es\/wp-json\/wp\/v2\/pages\/531","targetHints":{"allow":["GET"]}}],"collection":[{"href":"https:\/\/seadent-design.com\/es\/wp-json\/wp\/v2\/pages"}],"about":[{"href":"https:\/\/seadent-design.com\/es\/wp-json\/wp\/v2\/types\/page"}],"author":[{"embeddable":true,"href":"https:\/\/seadent-design.com\/es\/wp-json\/wp\/v2\/users\/2"}],"replies":[{"embeddable":true,"href":"https:\/\/seadent-design.com\/es\/wp-json\/wp\/v2\/comments?post=531"}],"version-history":[{"count":4,"href":"https:\/\/seadent-design.com\/es\/wp-json\/wp\/v2\/pages\/531\/revisions"}],"predecessor-version":[{"id":535,"href":"https:\/\/seadent-design.com\/es\/wp-json\/wp\/v2\/pages\/531\/revisions\/535"}],"wp:attachment":[{"href":"https:\/\/seadent-design.com\/es\/wp-json\/wp\/v2\/media?parent=531"}],"curies":[{"name":"wp","href":"https:\/\/api.w.org\/{rel}","templated":true}]}}